{"id":98,"date":"2020-12-22T00:13:18","date_gmt":"2020-12-21T23:13:18","guid":{"rendered":"http:\/\/laurencerenaud.com\/?page_id=98"},"modified":"2024-08-06T09:30:38","modified_gmt":"2024-08-06T07:30:38","slug":"accueil","status":"publish","type":"page","link":"https:\/\/laurencerenaud.com\/","title":{"rendered":"Que puis-je pour vous ?"},"content":{"rendered":"\n<p class=\"has-black-color has-white-background-color has-text-color has-background\">Que vous soyez pr\u00e9occup\u00e9s par une difficult\u00e9 personnelle ou d&rsquo;ordre relationnel, notamment de couple ou de famille ou que vous souhaitez tout simplement mieux vous conna\u00eetre pour faire les bons choix, les th\u00e9rapies br\u00e8ves, qui regroupent un certain nombre de pratiques, proposent de nombreux outils pour vous aider \u00e0 retrouver rapidement les ressources dont vous avez besoin. <br><br>Il y a du bon dans chaque approche et, chaque individu et chaque probl\u00e9matique \u00e9tant diff\u00e9rents, ce qui fonctionne dans un cas ne fonctionnera peut-\u00eatre pas dans un autre.<br>J&rsquo;ai donc fait le choix d&rsquo;une pratique int\u00e9grative, c&rsquo;est-\u00e0-dire que les outils que j&rsquo;utilise sont issus de diff\u00e9rentes m\u00e9thodes de th\u00e9rapies br\u00e8ves. Ainsi, je peux adapter mon accompagnement \u00e0 chaque probl\u00e9matique et chaque personnalit\u00e9 !<br><br>Si vous souhaitez en savoir plus sur ma pratique, vous pouvez consulter les pages du site d\u00e9di\u00e9es \u00e0 la th\u00e9rapie individuelle, aux th\u00e9rapies conjugale et familiale ou \u00e0 l&rsquo;hypnose mais vous pouvez aussi me contacter par mail ou par t\u00e9l\u00e9phone, je serais ravie de vous renseigner.<\/p>\n\n\n\n<p><br><\/p>\n","protected":false},"excerpt":{"rendered":"<p>Que vous soyez pr\u00e9occup\u00e9s par une difficult\u00e9 personnelle ou d&rsquo;ordre relationnel, notamment de couple ou de famille ou que vous souhaitez tout simplement mieux vous conna\u00eetre pour faire les bons choix, les th\u00e9rapies br\u00e8ves, qui regroupent un certain nombre de pratiques, proposent de nombreux outils pour vous aider \u00e0 retrouver rapidement les ressources dont vous &hellip; <\/p>\n<p class=\"link-more\"><a href=\"https:\/\/laurencerenaud.com\/\" class=\"more-link\">Continuer la lecture<span class=\"screen-reader-text\"> de &laquo;&nbsp;Que puis-je pour vous ?&nbsp;&raquo;<\/span><\/a><\/p>\n","protected":false},"author":1,"featured_media":0,"parent":0,"menu_order":0,"comment_status":"closed","ping_status":"closed","template":"","meta":{"footnotes":""},"class_list":["post-98","page","type-page","status-publish","hentry"],"_links":{"self":[{"href":"https:\/\/laurencerenaud.com\/index.php?rest_route=\/wp\/v2\/pages\/98","targetHints":{"allow":["GET"]}}],"collection":[{"href":"https:\/\/laurencerenaud.com\/index.php?rest_route=\/wp\/v2\/pages"}],"about":[{"href":"https:\/\/laurencerenaud.com\/index.php?rest_route=\/wp\/v2\/types\/page"}],"author":[{"embeddable":true,"href":"https:\/\/laurencerenaud.com\/index.php?rest_route=\/wp\/v2\/users\/1"}],"replies":[{"embeddable":true,"href":"https:\/\/laurencerenaud.com\/index.php?rest_route=%2Fwp%2Fv2%2Fcomments&post=98"}],"version-history":[{"count":29,"href":"https:\/\/laurencerenaud.com\/index.php?rest_route=\/wp\/v2\/pages\/98\/revisions"}],"predecessor-version":[{"id":920,"href":"https:\/\/laurencerenaud.com\/index.php?rest_route=\/wp\/v2\/pages\/98\/revisions\/920"}],"wp:attachment":[{"href":"https:\/\/laurencerenaud.com\/index.php?rest_route=%2Fwp%2Fv2%2Fmedia&parent=98"}],"curies":[{"name":"wp","href":"https:\/\/api.w.org\/{rel}","templated":true}]}}