{"id":58,"date":"2020-12-21T23:34:49","date_gmt":"2020-12-21T22:34:49","guid":{"rendered":"http:\/\/laurencerenaud.com\/?page_id=58"},"modified":"2024-08-06T09:37:47","modified_gmt":"2024-08-06T07:37:47","slug":"therapie-conjugale-et-familiale","status":"publish","type":"page","link":"https:\/\/laurencerenaud.com\/?page_id=58","title":{"rendered":"Th\u00e9rapie familiale"},"content":{"rendered":"\n<div class=\"wp-block-cover aligncenter is-light\" style=\"min-height:307px;aspect-ratio:unset;\"><span aria-hidden=\"true\" class=\"wp-block-cover__background has-background-dim\"><\/span><img fetchpriority=\"high\" decoding=\"async\" width=\"1024\" height=\"377\" class=\"wp-block-cover__image-background wp-image-580\" alt=\"\" src=\"https:\/\/laurencerenaud.com\/wp-content\/uploads\/2021\/02\/Rbdf59a155a6f24341599994ff752ebbd.jpg\" style=\"object-position:52% 4%\" data-object-fit=\"cover\" data-object-position=\"52% 4%\" srcset=\"https:\/\/laurencerenaud.com\/wp-content\/uploads\/2021\/02\/Rbdf59a155a6f24341599994ff752ebbd.jpg 1024w, https:\/\/laurencerenaud.com\/wp-content\/uploads\/2021\/02\/Rbdf59a155a6f24341599994ff752ebbd-300x110.jpg 300w, https:\/\/laurencerenaud.com\/wp-content\/uploads\/2021\/02\/Rbdf59a155a6f24341599994ff752ebbd-768x283.jpg 768w\" sizes=\"(max-width: 706px) 89vw, (max-width: 767px) 82vw, 740px\" \/><div class=\"wp-block-cover__inner-container is-layout-flow wp-block-cover-is-layout-flow\">\n<p class=\"has-text-align-center has-large-font-size\">\u00ab\u00a0Des gens qui vivent ensemble sans rien avoir \u00e0 se dire, qui s&rsquo;aiment sans raison. C&rsquo;est \u00e7a la famille.\u00a0\u00bb <br><br>&#8211; Olivier Adam &#8211;<\/p>\n<\/div><\/div>\n\n\n\n<p class=\"has-black-color has-white-background-color has-text-color has-background\">Il se peut que vous rencontriez des difficult\u00e9s dans la relation parent-enfant, dans les relations fraternelles, sans compter que dans les familles recompos\u00e9es, l&rsquo;\u00e9quilibre peut \u00eatre compliqu\u00e9 et lent \u00e0 trouver\u2026 <br>Les enfants grandissent et deviennent des ado avec des besoins et comportements diff\u00e9rents parfois d\u00e9routants et vous avez le sentiment qu&rsquo;ils ne vous \u00e9coutent plus.<br>L&rsquo;a\u00een\u00e9 en veut \u00e0 son petit fr\u00e8re et leur communication devient violente.<br>Vous avez l&rsquo;impression que vous fa\u00eetes partie des murs et que vous ne fa\u00eetes plus que r\u00e9aliser les t\u00e2ches m\u00e9nag\u00e8res, faire le taxi, sans reconnaissance ou attention de la part de ceux que vous aimez tant.<br>Votre couple n&rsquo;a plus de temps pour lui et se fond dans la famille parfois jusqu&rsquo;au divorce, s\u00e9paration qui va compliquer les relations entre les membres de la famille avant, pendant, mais aussi apr\u00e8s\u2026 <br>Voici quelques exemples mais les combinaisons situationnelles croissent exponentiellement avec le nombre de membres dans la famille\u2026 <br><br>Avec de petits r\u00e9ajustements, une bonne dose d&rsquo;\u00e9coute et l&rsquo;apprentissage d&rsquo;un nouveau mode de communication, il est possible d&rsquo;agir et le plus t\u00f4t est toujours le mieux. <br><br>Au niveau familial, je vous propose un accompagnement en entretiens collectifs et\/ou individuels et orient\u00e9 sur :<br>&#8211; le r\u00e9tablissement et l&rsquo;am\u00e9lioration de la communication entre les parents et les enfants et\/ou dans la fratrie, <br>&#8211; la compr\u00e9hension de l&rsquo;autre, de ses sentiments, attentes et valeurs,<br>&#8211; la r\u00e9\u00e9valuation de la place de chacun,<br>&#8211; la recherche d&rsquo;un nouvel \u00e9quilibre dans lequel chacun des individus peut s\u2019\u00e9panouir dans le respect de l\u2019autre avec la ren\u00e9gociation du \u00ab\u00a0contrat relationnel\u00a0\u00bb,<br>&#8211; des exercices pratiques tr\u00e8s concrets visant \u00e0 recr\u00e9er une unit\u00e9 familiale,<br>&#8211; l&rsquo;accompagnement dans le processus de s\u00e9paration, de deuil, de recomposition de la famille, de naissance, d&rsquo;adoption\u2026<\/p>\n\n\n\n<figure class=\"wp-block-gallery has-nested-images columns-7 is-cropped wp-block-gallery-1 is-layout-flex wp-block-gallery-is-layout-flex\">\n<figure class=\"wp-block-image size-large\"><img decoding=\"async\" width=\"300\" height=\"168\" data-id=\"234\" src=\"https:\/\/laurencerenaud.com\/wp-content\/uploads\/2021\/01\/images-7-1.jpg\" alt=\"\" class=\"wp-image-234\"\/><\/figure>\n\n\n\n<figure class=\"wp-block-image size-large\"><img decoding=\"async\" width=\"500\" height=\"500\" data-id=\"408\" src=\"https:\/\/laurencerenaud.com\/wp-content\/uploads\/2021\/02\/3nn-QYZAeOSA1RPHYhmkx1FWwT4@500x500-1.jpg\" alt=\"\" class=\"wp-image-408\" srcset=\"https:\/\/laurencerenaud.com\/wp-content\/uploads\/2021\/02\/3nn-QYZAeOSA1RPHYhmkx1FWwT4@500x500-1.jpg 500w, https:\/\/laurencerenaud.com\/wp-content\/uploads\/2021\/02\/3nn-QYZAeOSA1RPHYhmkx1FWwT4@500x500-1-300x300.jpg 300w, https:\/\/laurencerenaud.com\/wp-content\/uploads\/2021\/02\/3nn-QYZAeOSA1RPHYhmkx1FWwT4@500x500-1-150x150.jpg 150w\" sizes=\"(max-width: 500px) 100vw, 500px\" \/><\/figure>\n\n\n\n<figure class=\"wp-block-image size-large\"><img loading=\"lazy\" decoding=\"async\" width=\"290\" height=\"174\" data-id=\"412\" src=\"https:\/\/laurencerenaud.com\/wp-content\/uploads\/2021\/02\/images-5-1.jpg\" alt=\"\" class=\"wp-image-412\"\/><\/figure>\n\n\n\n<figure class=\"wp-block-image size-large\"><img loading=\"lazy\" decoding=\"async\" width=\"550\" height=\"512\" data-id=\"576\" src=\"https:\/\/laurencerenaud.com\/wp-content\/uploads\/2021\/02\/family_lisetning_to_radio_2.jpg\" alt=\"\" class=\"wp-image-576\" srcset=\"https:\/\/laurencerenaud.com\/wp-content\/uploads\/2021\/02\/family_lisetning_to_radio_2.jpg 550w, https:\/\/laurencerenaud.com\/wp-content\/uploads\/2021\/02\/family_lisetning_to_radio_2-300x279.jpg 300w\" sizes=\"(max-width: 550px) 100vw, 550px\" \/><\/figure>\n\n\n\n<figure class=\"wp-block-image size-large\"><img loading=\"lazy\" decoding=\"async\" width=\"900\" height=\"648\" data-id=\"577\" src=\"https:\/\/laurencerenaud.com\/wp-content\/uploads\/2021\/02\/R26b26ccc8294f06cdf9ee99147cb753e.jpg\" alt=\"\" class=\"wp-image-577\" srcset=\"https:\/\/laurencerenaud.com\/wp-content\/uploads\/2021\/02\/R26b26ccc8294f06cdf9ee99147cb753e.jpg 900w, https:\/\/laurencerenaud.com\/wp-content\/uploads\/2021\/02\/R26b26ccc8294f06cdf9ee99147cb753e-300x216.jpg 300w, https:\/\/laurencerenaud.com\/wp-content\/uploads\/2021\/02\/R26b26ccc8294f06cdf9ee99147cb753e-768x553.jpg 768w\" sizes=\"(max-width: 706px) 89vw, (max-width: 767px) 82vw, 740px\" \/><\/figure>\n\n\n\n<figure class=\"wp-block-image size-large\"><img loading=\"lazy\" decoding=\"async\" width=\"500\" height=\"500\" data-id=\"407\" src=\"https:\/\/laurencerenaud.com\/wp-content\/uploads\/2021\/02\/pPNCMP8mZ7ja6Bb4iF7NfIiahAE@500x500.jpg\" alt=\"\" class=\"wp-image-407\" srcset=\"https:\/\/laurencerenaud.com\/wp-content\/uploads\/2021\/02\/pPNCMP8mZ7ja6Bb4iF7NfIiahAE@500x500.jpg 500w, https:\/\/laurencerenaud.com\/wp-content\/uploads\/2021\/02\/pPNCMP8mZ7ja6Bb4iF7NfIiahAE@500x500-300x300.jpg 300w, https:\/\/laurencerenaud.com\/wp-content\/uploads\/2021\/02\/pPNCMP8mZ7ja6Bb4iF7NfIiahAE@500x500-150x150.jpg 150w\" sizes=\"(max-width: 500px) 100vw, 500px\" \/><\/figure>\n\n\n\n<figure class=\"wp-block-image size-large\"><img loading=\"lazy\" decoding=\"async\" width=\"425\" height=\"283\" data-id=\"536\" src=\"https:\/\/laurencerenaud.com\/wp-content\/uploads\/2021\/02\/image.jpg\" alt=\"\" class=\"wp-image-536\" srcset=\"https:\/\/laurencerenaud.com\/wp-content\/uploads\/2021\/02\/image.jpg 425w, https:\/\/laurencerenaud.com\/wp-content\/uploads\/2021\/02\/image-300x200.jpg 300w\" sizes=\"(max-width: 425px) 100vw, 425px\" \/><\/figure>\n<\/figure>\n\n\n\n<p><\/p>\n","protected":false},"excerpt":{"rendered":"<p>Il se peut que vous rencontriez des difficult\u00e9s dans la relation parent-enfant, dans les relations fraternelles, sans compter que dans les familles recompos\u00e9es, l&rsquo;\u00e9quilibre peut \u00eatre compliqu\u00e9 et lent \u00e0 trouver\u2026 Les enfants grandissent et deviennent des ado avec des besoins et comportements diff\u00e9rents parfois d\u00e9routants et vous avez le sentiment qu&rsquo;ils ne vous \u00e9coutent &hellip; <\/p>\n<p class=\"link-more\"><a href=\"https:\/\/laurencerenaud.com\/?page_id=58\" class=\"more-link\">Continuer la lecture<span class=\"screen-reader-text\"> de &laquo;&nbsp;Th\u00e9rapie familiale&nbsp;&raquo;<\/span><\/a><\/p>\n","protected":false},"author":1,"featured_media":0,"parent":0,"menu_order":0,"comment_status":"closed","ping_status":"closed","template":"","meta":{"footnotes":""},"class_list":["post-58","page","type-page","status-publish","hentry"],"_links":{"self":[{"href":"https:\/\/laurencerenaud.com\/index.php?rest_route=\/wp\/v2\/pages\/58","targetHints":{"allow":["GET"]}}],"collection":[{"href":"https:\/\/laurencerenaud.com\/index.php?rest_route=\/wp\/v2\/pages"}],"about":[{"href":"https:\/\/laurencerenaud.com\/index.php?rest_route=\/wp\/v2\/types\/page"}],"author":[{"embeddable":true,"href":"https:\/\/laurencerenaud.com\/index.php?rest_route=\/wp\/v2\/users\/1"}],"replies":[{"embeddable":true,"href":"https:\/\/laurencerenaud.com\/index.php?rest_route=%2Fwp%2Fv2%2Fcomments&post=58"}],"version-history":[{"count":44,"href":"https:\/\/laurencerenaud.com\/index.php?rest_route=\/wp\/v2\/pages\/58\/revisions"}],"predecessor-version":[{"id":924,"href":"https:\/\/laurencerenaud.com\/index.php?rest_route=\/wp\/v2\/pages\/58\/revisions\/924"}],"wp:attachment":[{"href":"https:\/\/laurencerenaud.com\/index.php?rest_route=%2Fwp%2Fv2%2Fmedia&parent=58"}],"curies":[{"name":"wp","href":"https:\/\/api.w.org\/{rel}","templated":true}]}}