{"id":551,"date":"2021-02-24T16:15:15","date_gmt":"2021-02-24T15:15:15","guid":{"rendered":"http:\/\/laurencerenaud.com\/?page_id=551"},"modified":"2024-08-06T09:36:33","modified_gmt":"2024-08-06T07:36:33","slug":"therapie-conjugale","status":"publish","type":"page","link":"https:\/\/laurencerenaud.com\/?page_id=551","title":{"rendered":"Th\u00e9rapie conjugale"},"content":{"rendered":"\n<div class=\"wp-block-cover is-light\" style=\"min-height:307px;aspect-ratio:unset;\"><span aria-hidden=\"true\" class=\"wp-block-cover__background has-background-dim-30 has-background-dim\"><\/span><img fetchpriority=\"high\" decoding=\"async\" width=\"960\" height=\"440\" class=\"wp-block-cover__image-background wp-image-558\" alt=\"\" src=\"https:\/\/laurencerenaud.com\/wp-content\/uploads\/2021\/02\/523777_Panorama_md.ori_-1.jpg\" data-object-fit=\"cover\" srcset=\"https:\/\/laurencerenaud.com\/wp-content\/uploads\/2021\/02\/523777_Panorama_md.ori_-1.jpg 960w, https:\/\/laurencerenaud.com\/wp-content\/uploads\/2021\/02\/523777_Panorama_md.ori_-1-300x138.jpg 300w, https:\/\/laurencerenaud.com\/wp-content\/uploads\/2021\/02\/523777_Panorama_md.ori_-1-768x352.jpg 768w\" sizes=\"(max-width: 706px) 89vw, (max-width: 767px) 82vw, 740px\" \/><div class=\"wp-block-cover__inner-container is-layout-flow wp-block-cover-is-layout-flow\">\n<p class=\"has-text-align-center has-large-font-size\">\u00a0\u00bb L&rsquo;amour, c&rsquo;est le genre de maladies qui n&rsquo;\u00e9pargnent ni les intelligents, ni les imb\u00e9ciles.\u00a0\u00bb <br><br>&#8211; Albert Camus &#8211;<\/p>\n<\/div><\/div>\n\n\n\n<p class=\"has-black-color has-white-background-color has-text-color has-background\">Au niveau de votre couple, il se peut que vous souhaitiez \u00ab\u00a0raviver la flamme\u00a0\u00bb, harmoniser la relation, renouer le dialogue, d\u00e9passer certaines difficult\u00e9s bien sp\u00e9cifiques comme un adult\u00e8re par exemple, gagner en \u00e9panouissement sexuel, faire un bilan de votre couple et d\u00e9cider s&rsquo;il faut ou non se s\u00e9parer ou se remettre ensemble ou encore il se peut que votre objectif soit de vous s\u00e9parer en bonne intelligence\u2026 <br><br>Il se peut \u00e9galement que vous soyez confront\u00e9-e-s \u00e0 des probl\u00e9matiques individuelles de type reproduction de sch\u00e9mas amoureux, difficult\u00e9 \u00e0 faire le deuil d&rsquo;une relation, difficult\u00e9 \u00e0 rencontrer la bonne personne,&#8230; <br>L&rsquo;accompagnement que je vous proposerai sera alors du type \u00ab\u00a0th\u00e9rapie individuelle\u00a0\u00bb et je vous sugg\u00e8re de consulter la page d\u00e9di\u00e9e du site ou de me contacter par t\u00e9l\u00e9phone ou par mail pour davantage de renseignements. <br><br>Dans le cadre d&rsquo;une th\u00e9rapie conjugale, le travail th\u00e9rapeutique peut se faire en entretiens collectifs et\/ou individuels et pourra s&rsquo;orienter sur :<br>&#8211; le r\u00e9tablissement et l&rsquo;am\u00e9lioration de la communication verbale et non verbale,<br>&#8211; la compr\u00e9hension de l&rsquo;autre, de ses sentiments, attentes et valeurs,<br>&#8211; la r\u00e9\u00e9valuation de la place de chacun,<br>&#8211; la recherche d&rsquo;un nouvel \u00e9quilibre dans lequel chaque membre du couple peut s\u2019\u00e9panouir dans le respect de l\u2019autre avec la ren\u00e9gociation du \u00ab\u00a0contrat relationnel\u00a0\u00bb,<br>&#8211; des exercices pratiques tr\u00e8s concrets visant \u00e0 recr\u00e9er une unit\u00e9 et un complicit\u00e9 conjugale,<br>&#8211; la sexualit\u00e9 du couple en vue de l&rsquo;\u00e9panouissement de chacun,<br>&#8211; l&rsquo;accompagnement dans le processus de s\u00e9paration, de deuil et le maintien de bonnes relations apr\u00e8s la rupture\u2026<\/p>\n\n\n\n<div class=\"wp-block-columns is-layout-flex wp-container-core-columns-is-layout-9d6595d7 wp-block-columns-is-layout-flex\">\n<div class=\"wp-block-column is-layout-flow wp-block-column-is-layout-flow\"><\/div>\n\n\n\n<div class=\"wp-block-column is-layout-flow wp-block-column-is-layout-flow\"><\/div>\n\n\n\n<div class=\"wp-block-column is-layout-flow wp-block-column-is-layout-flow\"><\/div>\n<\/div>\n\n\n\n<figure class=\"wp-block-gallery has-nested-images columns-5 is-cropped wp-block-gallery-1 is-layout-flex wp-block-gallery-is-layout-flex\">\n<figure class=\"wp-block-image size-large\"><img decoding=\"async\" width=\"1024\" height=\"684\" data-id=\"554\" src=\"https:\/\/laurencerenaud.com\/wp-content\/uploads\/2021\/02\/Marie-Vautherin-Conseil-conjugal-et-familial-057-2048x1367-2-1024x684.jpeg\" alt=\"\" class=\"wp-image-554\" srcset=\"https:\/\/laurencerenaud.com\/wp-content\/uploads\/2021\/02\/Marie-Vautherin-Conseil-conjugal-et-familial-057-2048x1367-2-1024x684.jpeg 1024w, https:\/\/laurencerenaud.com\/wp-content\/uploads\/2021\/02\/Marie-Vautherin-Conseil-conjugal-et-familial-057-2048x1367-2-300x200.jpeg 300w, https:\/\/laurencerenaud.com\/wp-content\/uploads\/2021\/02\/Marie-Vautherin-Conseil-conjugal-et-familial-057-2048x1367-2-768x513.jpeg 768w, https:\/\/laurencerenaud.com\/wp-content\/uploads\/2021\/02\/Marie-Vautherin-Conseil-conjugal-et-familial-057-2048x1367-2-1536x1025.jpeg 1536w, https:\/\/laurencerenaud.com\/wp-content\/uploads\/2021\/02\/Marie-Vautherin-Conseil-conjugal-et-familial-057-2048x1367-2.jpeg 2048w\" sizes=\"(max-width: 706px) 89vw, (max-width: 767px) 82vw, 740px\" \/><\/figure>\n\n\n\n<figure class=\"wp-block-image size-large\"><img decoding=\"async\" width=\"1000\" height=\"500\" data-id=\"553\" src=\"https:\/\/laurencerenaud.com\/wp-content\/uploads\/2021\/02\/etude-dispute-poids-3.jpg\" alt=\"\" class=\"wp-image-553\" srcset=\"https:\/\/laurencerenaud.com\/wp-content\/uploads\/2021\/02\/etude-dispute-poids-3.jpg 1000w, https:\/\/laurencerenaud.com\/wp-content\/uploads\/2021\/02\/etude-dispute-poids-3-300x150.jpg 300w, https:\/\/laurencerenaud.com\/wp-content\/uploads\/2021\/02\/etude-dispute-poids-3-768x384.jpg 768w\" sizes=\"(max-width: 706px) 89vw, (max-width: 767px) 82vw, 740px\" \/><\/figure>\n\n\n\n<figure class=\"wp-block-image size-large\"><img loading=\"lazy\" decoding=\"async\" width=\"1024\" height=\"683\" data-id=\"555\" src=\"https:\/\/laurencerenaud.com\/wp-content\/uploads\/2021\/02\/pexels-photo-236287-1-1024x683.jpeg\" alt=\"\" class=\"wp-image-555\" srcset=\"https:\/\/laurencerenaud.com\/wp-content\/uploads\/2021\/02\/pexels-photo-236287-1-1024x683.jpeg 1024w, https:\/\/laurencerenaud.com\/wp-content\/uploads\/2021\/02\/pexels-photo-236287-1-300x200.jpeg 300w, https:\/\/laurencerenaud.com\/wp-content\/uploads\/2021\/02\/pexels-photo-236287-1-768x512.jpeg 768w, https:\/\/laurencerenaud.com\/wp-content\/uploads\/2021\/02\/pexels-photo-236287-1.jpeg 1200w\" sizes=\"(max-width: 706px) 89vw, (max-width: 767px) 82vw, 740px\" \/><\/figure>\n\n\n\n<figure class=\"wp-block-image size-large\"><img loading=\"lazy\" decoding=\"async\" width=\"259\" height=\"194\" data-id=\"556\" src=\"https:\/\/laurencerenaud.com\/wp-content\/uploads\/2021\/02\/telechargement-6-2.jpg\" alt=\"\" class=\"wp-image-556\"\/><\/figure>\n\n\n\n<figure class=\"wp-block-image size-large\"><img loading=\"lazy\" decoding=\"async\" width=\"1024\" height=\"682\" data-id=\"561\" src=\"https:\/\/laurencerenaud.com\/wp-content\/uploads\/2021\/02\/Marie-Vautherin-conseil-conjugal-et-familial-058-3-1024x682.jpeg\" alt=\"\" class=\"wp-image-561\" srcset=\"https:\/\/laurencerenaud.com\/wp-content\/uploads\/2021\/02\/Marie-Vautherin-conseil-conjugal-et-familial-058-3-1024x682.jpeg 1024w, https:\/\/laurencerenaud.com\/wp-content\/uploads\/2021\/02\/Marie-Vautherin-conseil-conjugal-et-familial-058-3-300x200.jpeg 300w, https:\/\/laurencerenaud.com\/wp-content\/uploads\/2021\/02\/Marie-Vautherin-conseil-conjugal-et-familial-058-3-768x512.jpeg 768w, https:\/\/laurencerenaud.com\/wp-content\/uploads\/2021\/02\/Marie-Vautherin-conseil-conjugal-et-familial-058-3-1536x1023.jpeg 1536w, https:\/\/laurencerenaud.com\/wp-content\/uploads\/2021\/02\/Marie-Vautherin-conseil-conjugal-et-familial-058-3.jpeg 1732w\" sizes=\"(max-width: 706px) 89vw, (max-width: 767px) 82vw, 740px\" \/><\/figure>\n<\/figure>\n","protected":false},"excerpt":{"rendered":"<p>Au niveau de votre couple, il se peut que vous souhaitiez \u00ab\u00a0raviver la flamme\u00a0\u00bb, harmoniser la relation, renouer le dialogue, d\u00e9passer certaines difficult\u00e9s bien sp\u00e9cifiques comme un adult\u00e8re par exemple, gagner en \u00e9panouissement sexuel, faire un bilan de votre couple et d\u00e9cider s&rsquo;il faut ou non se s\u00e9parer ou se remettre ensemble ou encore il &hellip; <\/p>\n<p class=\"link-more\"><a href=\"https:\/\/laurencerenaud.com\/?page_id=551\" class=\"more-link\">Continuer la lecture<span class=\"screen-reader-text\"> de &laquo;&nbsp;Th\u00e9rapie conjugale&nbsp;&raquo;<\/span><\/a><\/p>\n","protected":false},"author":1,"featured_media":0,"parent":0,"menu_order":0,"comment_status":"closed","ping_status":"closed","template":"","meta":{"footnotes":""},"class_list":["post-551","page","type-page","status-publish","hentry"],"_links":{"self":[{"href":"https:\/\/laurencerenaud.com\/index.php?rest_route=\/wp\/v2\/pages\/551","targetHints":{"allow":["GET"]}}],"collection":[{"href":"https:\/\/laurencerenaud.com\/index.php?rest_route=\/wp\/v2\/pages"}],"about":[{"href":"https:\/\/laurencerenaud.com\/index.php?rest_route=\/wp\/v2\/types\/page"}],"author":[{"embeddable":true,"href":"https:\/\/laurencerenaud.com\/index.php?rest_route=\/wp\/v2\/users\/1"}],"replies":[{"embeddable":true,"href":"https:\/\/laurencerenaud.com\/index.php?rest_route=%2Fwp%2Fv2%2Fcomments&post=551"}],"version-history":[{"count":10,"href":"https:\/\/laurencerenaud.com\/index.php?rest_route=\/wp\/v2\/pages\/551\/revisions"}],"predecessor-version":[{"id":923,"href":"https:\/\/laurencerenaud.com\/index.php?rest_route=\/wp\/v2\/pages\/551\/revisions\/923"}],"wp:attachment":[{"href":"https:\/\/laurencerenaud.com\/index.php?rest_route=%2Fwp%2Fv2%2Fmedia&parent=551"}],"curies":[{"name":"wp","href":"https:\/\/api.w.org\/{rel}","templated":true}]}}