{"id":456,"date":"2021-02-24T12:45:09","date_gmt":"2021-02-24T11:45:09","guid":{"rendered":"http:\/\/laurencerenaud.com\/?page_id=456"},"modified":"2024-08-06T09:39:43","modified_gmt":"2024-08-06T07:39:43","slug":"qui-suis-je","status":"publish","type":"page","link":"https:\/\/laurencerenaud.com\/?page_id=456","title":{"rendered":"Qui suis-je ?"},"content":{"rendered":"\n<div class=\"wp-block-cover\" style=\"min-height:307px;aspect-ratio:unset;\"><span aria-hidden=\"true\" class=\"wp-block-cover__background has-background-dim-0 has-background-dim\"><\/span><img fetchpriority=\"high\" decoding=\"async\" width=\"1200\" height=\"800\" class=\"wp-block-cover__image-background wp-image-615\" alt=\"\" src=\"https:\/\/laurencerenaud.com\/wp-content\/uploads\/2021\/02\/Screen_Shot_2020_11_27_at_9.02.20_AM.0.jpg\" style=\"object-position:49% 28%\" data-object-fit=\"cover\" data-object-position=\"49% 28%\" srcset=\"https:\/\/laurencerenaud.com\/wp-content\/uploads\/2021\/02\/Screen_Shot_2020_11_27_at_9.02.20_AM.0.jpg 1200w, https:\/\/laurencerenaud.com\/wp-content\/uploads\/2021\/02\/Screen_Shot_2020_11_27_at_9.02.20_AM.0-300x200.jpg 300w, https:\/\/laurencerenaud.com\/wp-content\/uploads\/2021\/02\/Screen_Shot_2020_11_27_at_9.02.20_AM.0-1024x683.jpg 1024w, https:\/\/laurencerenaud.com\/wp-content\/uploads\/2021\/02\/Screen_Shot_2020_11_27_at_9.02.20_AM.0-768x512.jpg 768w\" sizes=\"(max-width: 706px) 89vw, (max-width: 767px) 82vw, 740px\" \/><div class=\"wp-block-cover__inner-container is-layout-flow wp-block-cover-is-layout-flow\">\n<p class=\"has-text-align-center has-large-font-size\">\u00ab\u00a0Que la force me soit donn\u00e9e de supporter ce qui ne peut pas \u00eatre chang\u00e9 et le courage de changer ce qui peut l&rsquo;\u00eatre mais aussi la sagesse de distinguer l&rsquo;un de l&rsquo;autre.\u00a0\u00bb<br><br>Marc Aur\u00e8le<\/p>\n<\/div><\/div>\n\n\n\n<p class=\"has-black-color has-white-background-color has-text-color has-background\">Cette r\u00e9f\u00e9rence \u00e0 Marc Aur\u00e8le que je vous livre m&rsquo;accompagne depuis de nombreuses ann\u00e9es. Je la trouve particuli\u00e8rement sage et toujours \u00e0 propos. Elle aide \u00e0 remettre les choses \u00e0 leurs places quand on est perdu, quand on ne sait plus quoi faire, quand on est d\u00e9sesp\u00e9r\u00e9 par une situation. Elle remet chacun devant ses propres responsabilit\u00e9s et d\u00e9leste du poids que nous portons ind\u00fbment.<\/p>\n\n\n\n<p class=\"has-black-color has-white-background-color has-text-color has-background\">En effet, nous ne pouvons pas changer les autres. Et m\u00eame si nous le pouvions, en aurions-nous le droit ?<br>Nous ne pouvons pas changer certaines situations. Mais il suffit parfois de les regarder sous un autre angle pour parvenir \u00e0 les accepter telles qu&rsquo;elles sont et parfois m\u00eame, pour qu&rsquo;apparaisse une solution.<\/p>\n\n\n\n<p class=\"has-black-color has-white-background-color has-text-color has-background\"><strong>Nous ne pouvons r\u00e9ellement agir que sur nous-m\u00eames<\/strong> et sur la repr\u00e9sentation que nous nous faisons de nous, des autres et de la vie.<\/p>\n\n\n\n<p class=\"has-black-color has-white-background-color has-text-color has-background\"><strong>Il y a donc toujours une solution \u00e0 tout, et cette solution est en chacun de nous.<\/strong><\/p>\n\n\n\n<p class=\"has-white-color has-white-background-color has-text-color has-background\">fzjebfzjkeqvrevqevr<\/p>\n\n\n\n<div class=\"wp-block-columns is-layout-flex wp-container-core-columns-is-layout-9d6595d7 wp-block-columns-is-layout-flex\">\n<div class=\"wp-block-column is-layout-flow wp-block-column-is-layout-flow\" style=\"flex-basis:100%\">\n<div class=\"wp-block-columns is-layout-flex wp-container-core-columns-is-layout-9d6595d7 wp-block-columns-is-layout-flex\">\n<div class=\"wp-block-column is-layout-flow wp-block-column-is-layout-flow\" style=\"flex-basis:50%\">\n<div class=\"wp-block-columns is-layout-flex wp-container-core-columns-is-layout-9d6595d7 wp-block-columns-is-layout-flex\">\n<div class=\"wp-block-column is-layout-flow wp-block-column-is-layout-flow\" style=\"flex-basis:100%\"><div class=\"wp-block-image is-style-default\">\n<figure class=\"aligncenter size-large is-resized\"><img decoding=\"async\" width=\"720\" height=\"720\" src=\"https:\/\/laurencerenaud.com\/wp-content\/uploads\/2021\/04\/Moi-ok-edited.jpg\" alt=\"\" class=\"wp-image-742\" style=\"width:407px\" srcset=\"https:\/\/laurencerenaud.com\/wp-content\/uploads\/2021\/04\/Moi-ok-edited.jpg 720w, https:\/\/laurencerenaud.com\/wp-content\/uploads\/2021\/04\/Moi-ok-edited-300x300.jpg 300w, https:\/\/laurencerenaud.com\/wp-content\/uploads\/2021\/04\/Moi-ok-edited-150x150.jpg 150w\" sizes=\"(max-width: 720px) 100vw, 720px\" \/><figcaption class=\"wp-element-caption\">Laurence RENAUD<\/figcaption><\/figure>\n<\/div>\n\n\n<p><\/p>\n<\/div>\n<\/div>\n<\/div>\n\n\n\n<div class=\"wp-block-column is-layout-flow wp-block-column-is-layout-flow\" style=\"flex-basis:50%\">\n<p class=\"has-black-color has-white-background-color has-text-color has-background\">C&rsquo;est gr\u00e2ce \u00e0 ma passion pour l&rsquo;humain et la psychologie que j&rsquo;ai pu traverser les \u00e9preuves professionnelles, familiales et conjugales qui ont jalonn\u00e9 ma vie, comme tout un chacun. <br><br>Juriste, apr\u00e8s deux burn-out, j&rsquo;ai recommenc\u00e9 des \u00e9tudes universitaires pour devenir psychologue. <br><br>Aujourd&rsquo;hui, je suis tr\u00e8s heureuse d&rsquo;exercer ce m\u00e9tier que j&rsquo;aime et d&rsquo;\u00e9prouver chaque jour cet \u00e9merveillement devant le fonctionnement humain et vos avanc\u00e9es dans le processus th\u00e9rapeutique.<\/p>\n<\/div>\n<\/div>\n\n\n\n<p><\/p>\n<\/div>\n<\/div>\n","protected":false},"excerpt":{"rendered":"<p>Cette r\u00e9f\u00e9rence \u00e0 Marc Aur\u00e8le que je vous livre m&rsquo;accompagne depuis de nombreuses ann\u00e9es. Je la trouve particuli\u00e8rement sage et toujours \u00e0 propos. Elle aide \u00e0 remettre les choses \u00e0 leurs places quand on est perdu, quand on ne sait plus quoi faire, quand on est d\u00e9sesp\u00e9r\u00e9 par une situation. Elle remet chacun devant ses &hellip; <\/p>\n<p class=\"link-more\"><a href=\"https:\/\/laurencerenaud.com\/?page_id=456\" class=\"more-link\">Continuer la lecture<span class=\"screen-reader-text\"> de &laquo;&nbsp;Qui suis-je ?&nbsp;&raquo;<\/span><\/a><\/p>\n","protected":false},"author":1,"featured_media":0,"parent":0,"menu_order":0,"comment_status":"closed","ping_status":"closed","template":"","meta":{"footnotes":""},"class_list":["post-456","page","type-page","status-publish","hentry"],"_links":{"self":[{"href":"https:\/\/laurencerenaud.com\/index.php?rest_route=\/wp\/v2\/pages\/456","targetHints":{"allow":["GET"]}}],"collection":[{"href":"https:\/\/laurencerenaud.com\/index.php?rest_route=\/wp\/v2\/pages"}],"about":[{"href":"https:\/\/laurencerenaud.com\/index.php?rest_route=\/wp\/v2\/types\/page"}],"author":[{"embeddable":true,"href":"https:\/\/laurencerenaud.com\/index.php?rest_route=\/wp\/v2\/users\/1"}],"replies":[{"embeddable":true,"href":"https:\/\/laurencerenaud.com\/index.php?rest_route=%2Fwp%2Fv2%2Fcomments&post=456"}],"version-history":[{"count":28,"href":"https:\/\/laurencerenaud.com\/index.php?rest_route=\/wp\/v2\/pages\/456\/revisions"}],"predecessor-version":[{"id":926,"href":"https:\/\/laurencerenaud.com\/index.php?rest_route=\/wp\/v2\/pages\/456\/revisions\/926"}],"wp:attachment":[{"href":"https:\/\/laurencerenaud.com\/index.php?rest_route=%2Fwp%2Fv2%2Fmedia&parent=456"}],"curies":[{"name":"wp","href":"https:\/\/api.w.org\/{rel}","templated":true}]}}