{"id":453,"date":"2021-02-24T12:41:01","date_gmt":"2021-02-24T11:41:01","guid":{"rendered":"http:\/\/laurencerenaud.com\/?page_id=453"},"modified":"2021-11-16T10:54:10","modified_gmt":"2021-11-16T09:54:10","slug":"articles-et-liens-utiles","status":"publish","type":"page","link":"https:\/\/laurencerenaud.com\/?page_id=453","title":{"rendered":"Articles et liens utiles"},"content":{"rendered":"\n<p class=\"has-black-color has-white-background-color has-text-color has-background\">Vous trouverez ici mes articles mais aussi quelques liens vers des articles que j&rsquo;ai trouv\u00e9 int\u00e9ressants, des m\u00e9dias et sites de professionnels que je recommande. <br><br>Vous pourrez lire \u00e9galement quelques \u00e9l\u00e9ments issus d&rsquo;une recherche universitaire portant sur la personnalit\u00e9 \u00e0 laquelle je participe, ainsi qu&rsquo;un questionnaire que vous pourrez compl\u00e9ter si vous le souhaitez. <br><br>Je publie aussi r\u00e9guli\u00e8rement des articles, vid\u00e9os ou affiches sur la th\u00e9matique psychologie sur ma page Facebook. Si vous \u00eates int\u00e9ress\u00e9s, je vous invite \u00e0 cliquer sur le lien suivant  : <a rel=\"noreferrer noopener\" href=\"https:\/\/www.facebook.com\/Laurence-Renaud-Th%C3%A9rapies-Br%C3%A8ves-100731578726776\/\" target=\"_blank\">https:\/\/www.facebook.com\/Laurence-Renaud-Th%C3%A9rapies-Br%C3%A8ves<\/a><br><\/p>\n\n\n\n<p class=\"has-black-color has-white-background-color has-text-color has-background\">Bonne lecture&#8230; ! <\/p>\n","protected":false},"excerpt":{"rendered":"<p>Vous trouverez ici mes articles mais aussi quelques liens vers des articles que j&rsquo;ai trouv\u00e9 int\u00e9ressants, des m\u00e9dias et sites de professionnels que je recommande. Vous pourrez lire \u00e9galement quelques \u00e9l\u00e9ments issus d&rsquo;une recherche universitaire portant sur la personnalit\u00e9 \u00e0 laquelle je participe, ainsi qu&rsquo;un questionnaire que vous pourrez compl\u00e9ter si vous le souhaitez. Je &hellip; <\/p>\n<p class=\"link-more\"><a href=\"https:\/\/laurencerenaud.com\/?page_id=453\" class=\"more-link\">Continuer la lecture<span class=\"screen-reader-text\"> de &laquo;&nbsp;Articles et liens utiles&nbsp;&raquo;<\/span><\/a><\/p>\n","protected":false},"author":1,"featured_media":0,"parent":0,"menu_order":0,"comment_status":"closed","ping_status":"closed","template":"templeat-full-width.php","meta":{"footnotes":""},"class_list":["post-453","page","type-page","status-publish","hentry"],"_links":{"self":[{"href":"https:\/\/laurencerenaud.com\/index.php?rest_route=\/wp\/v2\/pages\/453","targetHints":{"allow":["GET"]}}],"collection":[{"href":"https:\/\/laurencerenaud.com\/index.php?rest_route=\/wp\/v2\/pages"}],"about":[{"href":"https:\/\/laurencerenaud.com\/index.php?rest_route=\/wp\/v2\/types\/page"}],"author":[{"embeddable":true,"href":"https:\/\/laurencerenaud.com\/index.php?rest_route=\/wp\/v2\/users\/1"}],"replies":[{"embeddable":true,"href":"https:\/\/laurencerenaud.com\/index.php?rest_route=%2Fwp%2Fv2%2Fcomments&post=453"}],"version-history":[{"count":5,"href":"https:\/\/laurencerenaud.com\/index.php?rest_route=\/wp\/v2\/pages\/453\/revisions"}],"predecessor-version":[{"id":855,"href":"https:\/\/laurencerenaud.com\/index.php?rest_route=\/wp\/v2\/pages\/453\/revisions\/855"}],"wp:attachment":[{"href":"https:\/\/laurencerenaud.com\/index.php?rest_route=%2Fwp%2Fv2%2Fmedia&parent=453"}],"curies":[{"name":"wp","href":"https:\/\/api.w.org\/{rel}","templated":true}]}}