{"id":346,"date":"2021-02-14T14:16:50","date_gmt":"2021-02-14T13:16:50","guid":{"rendered":"http:\/\/laurencerenaud.com\/?page_id=346"},"modified":"2022-02-02T17:29:36","modified_gmt":"2022-02-02T16:29:36","slug":"mon-accompagnement","status":"publish","type":"page","link":"https:\/\/laurencerenaud.com\/?page_id=346","title":{"rendered":"Mon accompagnement"},"content":{"rendered":"\n<div class=\"wp-block-cover is-light is-layout-flow wp-block-cover-is-layout-flow\" style=\"min-height:307px;aspect-ratio:unset;\"><span aria-hidden=\"true\" class=\"wp-block-cover__gradient-background has-background-dim\"><\/span><img fetchpriority=\"high\" decoding=\"async\" width=\"436\" height=\"275\" class=\"wp-block-cover__image-background wp-image-390\" alt=\"\" src=\"https:\/\/laurencerenaud.com\/wp-content\/uploads\/2021\/02\/unnamed-2-1.jpg\" data-object-fit=\"cover\" srcset=\"https:\/\/laurencerenaud.com\/wp-content\/uploads\/2021\/02\/unnamed-2-1.jpg 436w, https:\/\/laurencerenaud.com\/wp-content\/uploads\/2021\/02\/unnamed-2-1-300x189.jpg 300w\" sizes=\"(max-width: 436px) 100vw, 436px\" \/><div class=\"wp-block-cover__inner-container\"><\/div><\/div>\n\n\n\n<p class=\"has-black-color has-white-background-color has-text-color has-background\">Mon accompagnement est bas\u00e9 sur des outils de <strong>th\u00e9rapies br\u00e8ves<\/strong>. <br>Ces th\u00e9rapies permettent d&rsquo;obtenir de bons r\u00e9sultats rapidement car elles sont orient\u00e9es solutions. Si vous souhaitez davantage d&rsquo;informations concernant cette orientation th\u00e9rapeutique, je vous invite \u00e0 lire mon article \u00e0 ce sujet, que vous trouverez dans la section article du site ou \u00e0 me contacter par t\u00e9l\u00e9phone ou par mail, je me ferai alors un plaisir de vous r\u00e9pondre ! <\/p>\n\n\n\n<p class=\"has-black-color has-white-background-color has-text-color has-background\">Sp\u00e9cialis\u00e9e en hypnose th\u00e9rapeutique, en th\u00e9rapie syst\u00e9mique et en th\u00e9rapies conjugale et familiale, je propose mon accompagnement aux adultes, aux adolescents et aux enfants, aux couples et aux familles. <\/p>\n\n\n\n<p class=\"has-black-color has-white-background-color has-text-color has-background\">Hypnoth\u00e9rapeute et psychopraticienne form\u00e9e par l\u2019\u00e9cole de psychoth\u00e9rapie PSYNAPSE, mes certifications sont reconnnues par la F\u00e9d\u00e9ration Fran\u00e7aise d\u2019Hypnose et de Th\u00e9rapies Br\u00e8ves (FFHTB), la National Guild of Hypnotists (NGH) et l\u2019International Association of NLP Institutes.<\/p>\n\n\n\n<p class=\"has-black-color has-white-background-color has-text-color has-background\">Pour en savoir plus, je vous propose de consulter les pages d\u00e9di\u00e9es de mon site : <br>&#8211; th\u00e9rapie individuelle<br>&#8211; th\u00e9rapie conjugale <br>&#8211; th\u00e9rapie familiale<br>&#8211; hypnose th\u00e9rapeutique. <\/p>\n","protected":false},"excerpt":{"rendered":"<p>Mon accompagnement est bas\u00e9 sur des outils de th\u00e9rapies br\u00e8ves. Ces th\u00e9rapies permettent d&rsquo;obtenir de bons r\u00e9sultats rapidement car elles sont orient\u00e9es solutions. Si vous souhaitez davantage d&rsquo;informations concernant cette orientation th\u00e9rapeutique, je vous invite \u00e0 lire mon article \u00e0 ce sujet, que vous trouverez dans la section article du site ou \u00e0 me contacter &hellip; <\/p>\n<p class=\"link-more\"><a href=\"https:\/\/laurencerenaud.com\/?page_id=346\" class=\"more-link\">Continuer la lecture<span class=\"screen-reader-text\"> de &laquo;&nbsp;Mon accompagnement&nbsp;&raquo;<\/span><\/a><\/p>\n","protected":false},"author":1,"featured_media":0,"parent":0,"menu_order":0,"comment_status":"closed","ping_status":"closed","template":"templeat-full-width.php","meta":{"footnotes":""},"class_list":["post-346","page","type-page","status-publish","hentry"],"_links":{"self":[{"href":"https:\/\/laurencerenaud.com\/index.php?rest_route=\/wp\/v2\/pages\/346","targetHints":{"allow":["GET"]}}],"collection":[{"href":"https:\/\/laurencerenaud.com\/index.php?rest_route=\/wp\/v2\/pages"}],"about":[{"href":"https:\/\/laurencerenaud.com\/index.php?rest_route=\/wp\/v2\/types\/page"}],"author":[{"embeddable":true,"href":"https:\/\/laurencerenaud.com\/index.php?rest_route=\/wp\/v2\/users\/1"}],"replies":[{"embeddable":true,"href":"https:\/\/laurencerenaud.com\/index.php?rest_route=%2Fwp%2Fv2%2Fcomments&post=346"}],"version-history":[{"count":17,"href":"https:\/\/laurencerenaud.com\/index.php?rest_route=\/wp\/v2\/pages\/346\/revisions"}],"predecessor-version":[{"id":874,"href":"https:\/\/laurencerenaud.com\/index.php?rest_route=\/wp\/v2\/pages\/346\/revisions\/874"}],"wp:attachment":[{"href":"https:\/\/laurencerenaud.com\/index.php?rest_route=%2Fwp%2Fv2%2Fmedia&parent=346"}],"curies":[{"name":"wp","href":"https:\/\/api.w.org\/{rel}","templated":true}]}}