{"id":312,"date":"2021-02-10T11:38:33","date_gmt":"2021-02-10T10:38:33","guid":{"rendered":"http:\/\/laurencerenaud.com\/?page_id=312"},"modified":"2024-08-06T09:44:18","modified_gmt":"2024-08-06T07:44:18","slug":"liens-utiles","status":"publish","type":"page","link":"https:\/\/laurencerenaud.com\/?page_id=312","title":{"rendered":"Liens utiles"},"content":{"rendered":"\n<p class=\"has-black-color has-text-color\">Vous trouverez ici quelques liens vers des articles, musiques, vid\u00e9os et sites de professionnels que j&rsquo;appr\u00e9cie particuli\u00e8rement et qui pourraient vous \u00eatre utiles. <\/p>\n\n\n\n<div class=\"wp-block-columns are-vertically-aligned-center has-black-color has-white-background-color has-text-color has-background is-layout-flex wp-container-core-columns-is-layout-9d6595d7 wp-block-columns-is-layout-flex\">\n<div class=\"wp-block-column is-vertically-aligned-center is-layout-flow wp-block-column-is-layout-flow\" style=\"flex-basis:66.66%\">\n<iframe width=\"560\" height=\"315\" src=\"https:\/\/www.youtube.com\/embed\/gCbE7Sb44bc\" frameborder=\"0\" allow=\"accelerometer; autoplay; clipboard-write; encrypted-media; gyroscope; picture-in-picture\" allowfullscreen=\"\"><\/iframe>\n<\/div>\n\n\n\n<div class=\"wp-block-column is-layout-flow wp-block-column-is-layout-flow\">\n<p class=\"has-text-align-center has-black-color has-white-background-color has-text-color has-background\">Ce film date un peu, certes, mais c&rsquo;est une vraie mine d&rsquo;or quand aux s&rsquo;int\u00e9resse aux relations familiales&#8230; avec beaucoup d&rsquo;humour ! <\/p>\n<\/div>\n<\/div>\n\n\n\n<div class=\"wp-block-group\"><div class=\"wp-block-group__inner-container is-layout-flow wp-block-group-is-layout-flow\">\n<p class=\"has-text-align-left has-black-color has-white-background-color has-text-color has-background\"><strong>Quelques id\u00e9es d&rsquo;activit\u00e9 pour se retrouver en famille : <\/strong><br><br>Locksadventure, un escape game accessible aux plus petits.<br><a href=\"https:\/\/locksadventure.fr\/\" data-type=\"URL\" data-id=\"https:\/\/locksadventure.fr\/\" target=\"_blank\" rel=\"noreferrer noopener\">https:\/\/locksadventure.fr\/<\/a><br><br>Sensas, un escape game bas\u00e9 sur les cinq sens : d\u00e9couverte de soi, coop\u00e9ration et beaucoup d&rsquo;amusement !<br><a href=\"https:\/\/strasbourg.sensas.top\/\" data-type=\"URL\" data-id=\"https:\/\/strasbourg.sensas.top\/\" target=\"_blank\" rel=\"noreferrer noopener\">https:\/\/strasbourg.sensas.top\/<\/a><br><br>Dooz, un escape game pour les plus grands. N&rsquo;h\u00e9sitez pas \u00e0 tester leur Destroy Room: de quoi \u00e9vacuer la pression et braver les interdits !!<br><a href=\"https:\/\/www.doozescape.com\/\" data-type=\"URL\" data-id=\"https:\/\/www.doozescape.com\/\" target=\"_blank\" rel=\"noreferrer noopener\">https:\/\/www.doozescape.com\/<\/a><\/p>\n<\/div><\/div>\n\n\n\n<p class=\"has-black-color has-white-background-color has-text-color has-background\"><strong>Id\u00e9es d&rsquo;activit\u00e9 bien-\u00eatre<\/strong><br><br>Aur\u00e9lien vous propose du fitness mais aussi et surtout du bien-\u00eatre avec le yoga du rire, des massages sonores, de la sophrologie musicale et de la musicoth\u00e9rapie. <br>N&rsquo;h\u00e9sitez pas \u00e0 le contacter, vous serez s\u00e9duits par son originalit\u00e9, son optimisme et sa bienveillance !<br><a href=\"http:\/\/www.aurelfitfun-coaching.fr\/seances-fitness-8\" target=\"_blank\" rel=\"noreferrer noopener\">http:\/\/www.aurelfitfun-coaching.fr\/seances-fitness-8<\/a><br><br>L&rsquo;Association Sportive de Langensoultzbach propose plein d&rsquo;activit\u00e9s sympas, dans une ambiance excellente !<br><a href=\"https:\/\/www.facebook.com\/acsl.langensoultzbach\/\" target=\"_blank\" rel=\"noreferrer noopener\">https:\/\/www.facebook.com\/acsl.langensoultzbach\/<\/a><br><\/p>\n\n\n\n<div class=\"wp-block-group\"><div class=\"wp-block-group__inner-container is-layout-flow wp-block-group-is-layout-flow\">\n<p class=\"has-black-color has-white-background-color has-text-color has-background\"><strong>Adresses sant\u00e9 : <\/strong><br><br>Micka\u00ebl Petrazoller est un excellent psychologue sp\u00e9cialis\u00e9 dans les Th\u00e9rapies Cognitives et Comportementales, th\u00e9rapies br\u00e8ves \u00e9galement. Vous pourrez trouver des articles particuli\u00e8rement int\u00e9ressants sur son site :<br><a rel=\"noreferrer noopener\" href=\"https:\/\/www.psytra.fr\/\" data-type=\"URL\" data-id=\"https:\/\/www.psytra.fr\/\" target=\"_blank\">https:\/\/www.psytra.fr\/<\/a><br><br>Si vous \u00eates \u00e0 la recherche d&rsquo;un m\u00e9decin traitant, je ne saurais que vous conseiller la maison de sant\u00e9 de Woerth : <br><a rel=\"noreferrer noopener\" href=\"https:\/\/www.maisondesoins.com\/\" data-type=\"URL\" data-id=\"https:\/\/www.maisondesoins.com\/\" target=\"_blank\">https:\/\/www.maisondesoins.com\/<\/a><\/p>\n<\/div><\/div>\n\n\n\n<p><\/p>\n","protected":false},"excerpt":{"rendered":"<p>Vous trouverez ici quelques liens vers des articles, musiques, vid\u00e9os et sites de professionnels que j&rsquo;appr\u00e9cie particuli\u00e8rement et qui pourraient vous \u00eatre utiles. Ce film date un peu, certes, mais c&rsquo;est une vraie mine d&rsquo;or quand aux s&rsquo;int\u00e9resse aux relations familiales&#8230; avec beaucoup d&rsquo;humour ! Quelques id\u00e9es d&rsquo;activit\u00e9 pour se retrouver en famille : Locksadventure, &hellip; <\/p>\n<p class=\"link-more\"><a href=\"https:\/\/laurencerenaud.com\/?page_id=312\" class=\"more-link\">Continuer la lecture<span class=\"screen-reader-text\"> de &laquo;&nbsp;Liens utiles&nbsp;&raquo;<\/span><\/a><\/p>\n","protected":false},"author":1,"featured_media":0,"parent":0,"menu_order":0,"comment_status":"closed","ping_status":"closed","template":"","meta":{"footnotes":""},"class_list":["post-312","page","type-page","status-publish","hentry"],"_links":{"self":[{"href":"https:\/\/laurencerenaud.com\/index.php?rest_route=\/wp\/v2\/pages\/312","targetHints":{"allow":["GET"]}}],"collection":[{"href":"https:\/\/laurencerenaud.com\/index.php?rest_route=\/wp\/v2\/pages"}],"about":[{"href":"https:\/\/laurencerenaud.com\/index.php?rest_route=\/wp\/v2\/types\/page"}],"author":[{"embeddable":true,"href":"https:\/\/laurencerenaud.com\/index.php?rest_route=\/wp\/v2\/users\/1"}],"replies":[{"embeddable":true,"href":"https:\/\/laurencerenaud.com\/index.php?rest_route=%2Fwp%2Fv2%2Fcomments&post=312"}],"version-history":[{"count":15,"href":"https:\/\/laurencerenaud.com\/index.php?rest_route=\/wp\/v2\/pages\/312\/revisions"}],"predecessor-version":[{"id":928,"href":"https:\/\/laurencerenaud.com\/index.php?rest_route=\/wp\/v2\/pages\/312\/revisions\/928"}],"wp:attachment":[{"href":"https:\/\/laurencerenaud.com\/index.php?rest_route=%2Fwp%2Fv2%2Fmedia&parent=312"}],"curies":[{"name":"wp","href":"https:\/\/api.w.org\/{rel}","templated":true}]}}