{"id":270,"date":"2021-02-14T15:15:28","date_gmt":"2021-02-14T14:15:28","guid":{"rendered":"http:\/\/laurencerenaud.com\/?page_id=270"},"modified":"2024-08-06T09:35:15","modified_gmt":"2024-08-06T07:35:15","slug":"therapie-individuelle","status":"publish","type":"page","link":"https:\/\/laurencerenaud.com\/?page_id=270","title":{"rendered":"Th\u00e9rapie individuelle"},"content":{"rendered":"\n<div class=\"wp-block-cover is-light\" style=\"min-height:275px;aspect-ratio:unset;\"><span aria-hidden=\"true\" class=\"wp-block-cover__background has-background-dim-0 has-background-dim\"><\/span><img fetchpriority=\"high\" decoding=\"async\" width=\"640\" height=\"301\" class=\"wp-block-cover__image-background wp-image-377\" alt=\"\" src=\"https:\/\/laurencerenaud.com\/wp-content\/uploads\/2021\/02\/640_416255-1.jpg-r_1920_1080-f_jpg-q_x-xxyxx-1.jpg\" style=\"object-position:54% 22%\" data-object-fit=\"cover\" data-object-position=\"54% 22%\" srcset=\"https:\/\/laurencerenaud.com\/wp-content\/uploads\/2021\/02\/640_416255-1.jpg-r_1920_1080-f_jpg-q_x-xxyxx-1.jpg 640w, https:\/\/laurencerenaud.com\/wp-content\/uploads\/2021\/02\/640_416255-1.jpg-r_1920_1080-f_jpg-q_x-xxyxx-1-300x141.jpg 300w\" sizes=\"(max-width: 640px) 100vw, 640px\" \/><div class=\"wp-block-cover__inner-container is-layout-flow wp-block-cover-is-layout-flow\">\n<p class=\"has-text-align-center has-large-font-size\">\u00ab\u00a0L&rsquo;Homme est un animal social par nature.\u00a0\u00bb <br><br>&#8211; Aristote &#8211;<\/p>\n<\/div><\/div>\n\n\n\n<p class=\"has-black-color has-white-background-color has-text-color has-background\">Notre identit\u00e9 est en effet \u00e0 la fois individuelle et sociale et nous avons besoin d&rsquo;\u00eatre en relation avec nos semblables : \u00e0 la recherche d&rsquo;un \u00e9quilibre entre besoin d&rsquo;appartenance et d\u00e9sir d&rsquo;individualit\u00e9, entre ressembler \u00e0 nos semblables et \u00eatre semblable \u00e0 soi.<br><br>Nous \u00e9voluons en permanence et, par l&rsquo;interaction avec autrui, nous influen\u00e7ons et sommes influenc\u00e9s par les rencontres et nos relations. Avez-vous d\u00e9j\u00e0 remarqu\u00e9 comme nous pouvons parfois \u00eatre diff\u00e9rents selon la ou les personnes avec lesquelles nous sommes en relation \u00e0 un instant T ?<br><br>C\u2019est pourquoi, j&rsquo;ai choisi de me sp\u00e9cialiser en th\u00e9rapie syst\u00e9mique, prenant en consid\u00e9ration, non seulement l&rsquo;individu lui-m\u00eame, mais aussi l&rsquo;ensemble syst\u00e9mique ou les ensembles syst\u00e9miques dans le(s)quel(s) cet individu s&rsquo;inscrit. <br><br>La th\u00e9rapie syst\u00e9mique permet d&rsquo;envisager les difficult\u00e9s dans nos relations \u00e0 l&rsquo;autre ou aux autres mais aussi et surtout dans notre relation \u00e0 nous-m\u00eame : dialogue int\u00e9rieur n\u00e9gatif, ruminations, croyances limitantes, sentiments n\u00e9gatifs de honte et de culpabilit\u00e9, r\u00e9p\u00e9titions de sch\u00e9mas&#8230; <br><br>Le travail th\u00e9rapeutique sera, selon la demande, centr\u00e9 sur :<br>&#8211; la remise en question et la r\u00e9\u00e9valuation de la perception qu\u2019il a de lui-m\u00eame, des autres et des situations souffrantes,<br>&#8211; l&rsquo;\u00e9mergence de ses valeurs cl\u00e9s,<br>&#8211; l&rsquo;identification et le renversement des croyances limitantes,<br>&#8211; la d\u00e9termination des objectifs,<br>&#8211; la recherche de cl\u00e9s pour r\u00e9-agir sur son environnement&#8230;<\/p>\n\n\n\n<div class=\"wp-block-columns is-layout-flex wp-container-core-columns-is-layout-9d6595d7 wp-block-columns-is-layout-flex\">\n<div class=\"wp-block-column is-layout-flow wp-block-column-is-layout-flow\" style=\"flex-basis:100%\">\n<div class=\"wp-block-columns is-layout-flex wp-container-core-columns-is-layout-9d6595d7 wp-block-columns-is-layout-flex\">\n<div class=\"wp-block-column is-layout-flow wp-block-column-is-layout-flow\" style=\"flex-basis:100%\">\n<p><\/p>\n\n\n\n<figure class=\"wp-block-gallery has-nested-images columns-5 is-cropped wp-block-gallery-1 is-layout-flex wp-block-gallery-is-layout-flex\">\n<figure class=\"wp-block-image size-large\"><img decoding=\"async\" width=\"480\" height=\"352\" data-id=\"378\" src=\"https:\/\/laurencerenaud.com\/wp-content\/uploads\/2021\/02\/hypnotherapie.jpg\" alt=\"\" class=\"wp-image-378\" srcset=\"https:\/\/laurencerenaud.com\/wp-content\/uploads\/2021\/02\/hypnotherapie.jpg 480w, https:\/\/laurencerenaud.com\/wp-content\/uploads\/2021\/02\/hypnotherapie-300x220.jpg 300w\" sizes=\"(max-width: 480px) 100vw, 480px\" \/><\/figure>\n\n\n\n<figure class=\"wp-block-image size-large\"><img decoding=\"async\" width=\"570\" height=\"353\" data-id=\"379\" src=\"https:\/\/laurencerenaud.com\/wp-content\/uploads\/2021\/02\/homme-introduisant-un-cube-dans-une-tete-1.jpg\" alt=\"\" class=\"wp-image-379\" srcset=\"https:\/\/laurencerenaud.com\/wp-content\/uploads\/2021\/02\/homme-introduisant-un-cube-dans-une-tete-1.jpg 570w, https:\/\/laurencerenaud.com\/wp-content\/uploads\/2021\/02\/homme-introduisant-un-cube-dans-une-tete-1-300x186.jpg 300w\" sizes=\"(max-width: 570px) 100vw, 570px\" \/><\/figure>\n\n\n\n<figure class=\"wp-block-image size-large\"><img loading=\"lazy\" decoding=\"async\" width=\"265\" height=\"190\" data-id=\"380\" src=\"https:\/\/laurencerenaud.com\/wp-content\/uploads\/2021\/02\/images-4-1.jpg\" alt=\"\" class=\"wp-image-380\"\/><\/figure>\n\n\n\n<figure class=\"wp-block-image size-large\"><img loading=\"lazy\" decoding=\"async\" width=\"300\" height=\"246\" data-id=\"583\" src=\"https:\/\/laurencerenaud.com\/wp-content\/uploads\/2021\/02\/perception-3110810_1280-e1521402003623-300x246-3.jpg\" alt=\"\" class=\"wp-image-583\"\/><\/figure>\n\n\n\n<figure class=\"wp-block-image size-large\"><img loading=\"lazy\" decoding=\"async\" width=\"261\" height=\"193\" data-id=\"529\" src=\"https:\/\/laurencerenaud.com\/wp-content\/uploads\/2021\/02\/telechargement-9-1.jpg\" alt=\"\" class=\"wp-image-529\"\/><\/figure>\n<\/figure>\n<\/div>\n<\/div>\n<\/div>\n<\/div>\n","protected":false},"excerpt":{"rendered":"<p>Notre identit\u00e9 est en effet \u00e0 la fois individuelle et sociale et nous avons besoin d&rsquo;\u00eatre en relation avec nos semblables : \u00e0 la recherche d&rsquo;un \u00e9quilibre entre besoin d&rsquo;appartenance et d\u00e9sir d&rsquo;individualit\u00e9, entre ressembler \u00e0 nos semblables et \u00eatre semblable \u00e0 soi. Nous \u00e9voluons en permanence et, par l&rsquo;interaction avec autrui, nous influen\u00e7ons et &hellip; <\/p>\n<p class=\"link-more\"><a href=\"https:\/\/laurencerenaud.com\/?page_id=270\" class=\"more-link\">Continuer la lecture<span class=\"screen-reader-text\"> de &laquo;&nbsp;Th\u00e9rapie individuelle&nbsp;&raquo;<\/span><\/a><\/p>\n","protected":false},"author":1,"featured_media":0,"parent":0,"menu_order":0,"comment_status":"closed","ping_status":"closed","template":"","meta":{"footnotes":""},"class_list":["post-270","page","type-page","status-publish","hentry"],"_links":{"self":[{"href":"https:\/\/laurencerenaud.com\/index.php?rest_route=\/wp\/v2\/pages\/270","targetHints":{"allow":["GET"]}}],"collection":[{"href":"https:\/\/laurencerenaud.com\/index.php?rest_route=\/wp\/v2\/pages"}],"about":[{"href":"https:\/\/laurencerenaud.com\/index.php?rest_route=\/wp\/v2\/types\/page"}],"author":[{"embeddable":true,"href":"https:\/\/laurencerenaud.com\/index.php?rest_route=\/wp\/v2\/users\/1"}],"replies":[{"embeddable":true,"href":"https:\/\/laurencerenaud.com\/index.php?rest_route=%2Fwp%2Fv2%2Fcomments&post=270"}],"version-history":[{"count":23,"href":"https:\/\/laurencerenaud.com\/index.php?rest_route=\/wp\/v2\/pages\/270\/revisions"}],"predecessor-version":[{"id":922,"href":"https:\/\/laurencerenaud.com\/index.php?rest_route=\/wp\/v2\/pages\/270\/revisions\/922"}],"wp:attachment":[{"href":"https:\/\/laurencerenaud.com\/index.php?rest_route=%2Fwp%2Fv2%2Fmedia&parent=270"}],"curies":[{"name":"wp","href":"https:\/\/api.w.org\/{rel}","templated":true}]}}