{"id":106,"date":"2021-01-21T23:13:59","date_gmt":"2021-01-21T22:13:59","guid":{"rendered":"http:\/\/laurencerenaud.com\/?page_id=106"},"modified":"2024-11-04T19:19:54","modified_gmt":"2024-11-04T18:19:54","slug":"votre-rendez-vous","status":"publish","type":"page","link":"https:\/\/laurencerenaud.com\/?page_id=106","title":{"rendered":"Votre rendez-vous"},"content":{"rendered":"\n<p class=\"has-black-color has-text-color has-normal-font-size\">Les consultations sont ouvertes sur rendez-vous : <br>&#8211; \u00e0 GOERSDORF, 37 rue de la Chambre : tous les lundis et mercredis ; un mardi et un samedi sur deux<br>&#8211; \u00e0 HAGUENAU, 42 bd du Mar\u00e9chal de Lattre de Tassigny (4\u00e8me \u00e9tage avec ascenseur) :<br>tous les jeudis et vendredis ; un mardi et un samedi sur deux<br>&#8211; \u00e0 distance apr\u00e8s au moins une premi\u00e8re consultation en pr\u00e9sentiel au cabinet. <br><br>Vous pouvez prendre rendez-vous :<br>&#8211; en cliquant sur le lien suivant <a href=\"https:\/\/perfactive.fr\/cabinet-de-therapies-breves\/book\" target=\"_blank\" rel=\"noreferrer noopener\"><\/a><a href=\"https:\/\/www.doctolib.fr\/psychologue\/goersdorf\/laurence-renaud\">Laurence Renaud, Psychologue \u00e0 Haguenau, G\u0153rsdorf (doctolib.fr)<\/a><br>&#8211; par t\u00e9l\u00e9phone au 07 49 75 50 08<br>&#8211; par mail : contact@laurencerenaud.com<\/p>\n\n\n\n<p class=\"has-black-color has-text-color has-normal-font-size\">A Goersdorf, vous pourrez vous garer dans la cour en prenant garde \u00e0 ne pas obstruer la sortie du pr\u00e9c\u00e9dant, ni g\u00eaner le stationnement du suivant.<br>A Haguenau, vous pourrez sonner \u00e0 l&rsquo;interphone de l&rsquo;immeuble et monter au 4\u00e8me \u00e9tage.<br><br>Merci de respecter le calme n\u00e9cessaire aux consultations et de vous installer en salle d&rsquo;attente sans sonner, ni toquer \u00e0 la porte d&rsquo;entr\u00e9e du cabinet. <br>Merci \u00e9galement de contribuer au maintien du calme requis dans toute salle d&rsquo;attente en conversant \u00e0 voix basse, en mettant vos t\u00e9l\u00e9phones portables sur silencieux et en passant vos appels \u00e0 l&rsquo;ext\u00e9rieur. <br>Ne vous inqui\u00e9tez pas, cela ne devrait pas \u00eatre long, je fais bien \u00e9videmment mon possible pour respecter les heures de rendez-vous et limiter votre attente. <br><br>En effet, votre temps, comme le mien, est pr\u00e9cieux&#8230; <br>C&rsquo;est pour cette raison, ainsi que pour laisser l&rsquo;opportunit\u00e9 \u00e0 d&rsquo;autres patients d&rsquo;\u00eatre re\u00e7us rapidement, que tout rendez-vous non honor\u00e9 et non annul\u00e9 au plus tard 24 heures \u00e0 l&rsquo;avance sera du. <br><br>Une s\u00e9ance de th\u00e9rapie individuelle ou d&rsquo;hypnose dure environ une heure (60 \u20ac).<br>Une s\u00e9ance de th\u00e9rapie conjugale ou de th\u00e9rapie familiale dure environ une heure trente (80 \u20ac).<br><br>Les r\u00e8glements se font en esp\u00e8ces ou par ch\u00e8que. <br>Les r\u00e8glements par carte bancaire ne sont pas accept\u00e9s.<br><br>Les s\u00e9ances ne sont malheureusement pas rembours\u00e9es par la s\u00e9curit\u00e9 sociale. <br>Toutefois, certaines mutuelles prennent en charge tout ou partie du montant de la s\u00e9ance sur pr\u00e9sentation d&rsquo;un justificatif que je vous fournirai.<\/p>\n\n\n\n<p class=\"has-black-color has-text-color has-normal-font-size\">Pour toute information compl\u00e9mentaire, n&rsquo;h\u00e9sitez pas \u00e0 me contacter ou \u00e0 consulter ma page Facebook : Laurence RENAUD &#8211; Th\u00e9rapies Br\u00e8ves.<\/p>\n\n\n\n<figure class=\"wp-block-gallery has-nested-images columns-default is-cropped wp-block-gallery-1 is-layout-flex wp-block-gallery-is-layout-flex\">\n<figure class=\"wp-block-image size-large\"><img decoding=\"async\" data-id=\"636\" src=\"https:\/\/laurencerenaud.com\/wp-content\/uploads\/2021\/02\/IMG_4652-2.jpg\" alt=\"\" class=\"wp-image-636\"\/><figcaption class=\"wp-element-caption\">Cabinet de Goersdorf<\/figcaption><\/figure>\n\n\n\n<figure class=\"wp-block-image size-large\"><img fetchpriority=\"high\" decoding=\"async\" width=\"1024\" height=\"862\" data-id=\"830\" src=\"https:\/\/laurencerenaud.com\/wp-content\/uploads\/2021\/09\/Salle-dattente-bis-1024x862.jpg\" alt=\"\" class=\"wp-image-830\" srcset=\"https:\/\/laurencerenaud.com\/wp-content\/uploads\/2021\/09\/Salle-dattente-bis-1024x862.jpg 1024w, https:\/\/laurencerenaud.com\/wp-content\/uploads\/2021\/09\/Salle-dattente-bis-300x253.jpg 300w, https:\/\/laurencerenaud.com\/wp-content\/uploads\/2021\/09\/Salle-dattente-bis-768x647.jpg 768w, https:\/\/laurencerenaud.com\/wp-content\/uploads\/2021\/09\/Salle-dattente-bis-1536x1293.jpg 1536w, https:\/\/laurencerenaud.com\/wp-content\/uploads\/2021\/09\/Salle-dattente-bis-2048x1724.jpg 2048w\" sizes=\"(max-width: 706px) 89vw, (max-width: 767px) 82vw, 740px\" \/><figcaption class=\"wp-element-caption\">Salle d&rsquo;attente de Goersdorf<\/figcaption><\/figure>\n\n\n\n<figure class=\"wp-block-image size-large\"><img decoding=\"async\" width=\"1024\" height=\"768\" data-id=\"832\" src=\"https:\/\/laurencerenaud.com\/wp-content\/uploads\/2021\/09\/P1000800-1024x768.jpg\" alt=\"\" class=\"wp-image-832\" srcset=\"https:\/\/laurencerenaud.com\/wp-content\/uploads\/2021\/09\/P1000800-1024x768.jpg 1024w, https:\/\/laurencerenaud.com\/wp-content\/uploads\/2021\/09\/P1000800-300x225.jpg 300w, https:\/\/laurencerenaud.com\/wp-content\/uploads\/2021\/09\/P1000800-768x576.jpg 768w, https:\/\/laurencerenaud.com\/wp-content\/uploads\/2021\/09\/P1000800-1536x1152.jpg 1536w, https:\/\/laurencerenaud.com\/wp-content\/uploads\/2021\/09\/P1000800-2048x1535.jpg 2048w\" sizes=\"(max-width: 706px) 89vw, (max-width: 767px) 82vw, 740px\" \/><figcaption class=\"wp-element-caption\">Entr\u00e9e de Goersdorf<\/figcaption><\/figure>\n\n\n\n<figure class=\"wp-block-image size-large\"><img decoding=\"async\" data-id=\"889\" src=\"https:\/\/laurencerenaud.com\/wp-content\/uploads\/2023\/04\/1666261270310-1024x769.jpg\" alt=\"\" class=\"wp-image-889\"\/><figcaption class=\"wp-element-caption\">Cabinet de Haguenau<\/figcaption><\/figure>\n\n\n\n<figure class=\"wp-block-image size-large\"><img decoding=\"async\" data-id=\"933\" src=\"https:\/\/laurencerenaud.com\/wp-content\/uploads\/2024\/08\/1666261270351-1024x769.jpg\" alt=\"\" class=\"wp-image-933\"\/><figcaption class=\"wp-element-caption\">Salle d&rsquo;attente de Haguenau<\/figcaption><\/figure>\n\n\n\n<figure class=\"wp-block-image size-full\"><img decoding=\"async\" data-id=\"930\" src=\"https:\/\/laurencerenaud.com\/wp-content\/uploads\/2024\/08\/ENtree-haguenau.png\" alt=\"\" class=\"wp-image-930\"\/><figcaption class=\"wp-element-caption\">Entr\u00e9e de Haguenau<\/figcaption><\/figure>\n<\/figure>\n","protected":false},"excerpt":{"rendered":"<p>Les consultations sont ouvertes sur rendez-vous : &#8211; \u00e0 GOERSDORF, 37 rue de la Chambre : tous les lundis et mercredis ; un mardi et un samedi sur deux&#8211; \u00e0 HAGUENAU, 42 bd du Mar\u00e9chal de Lattre de Tassigny (4\u00e8me \u00e9tage avec ascenseur) :tous les jeudis et vendredis ; un mardi et un samedi sur &hellip; <\/p>\n<p class=\"link-more\"><a href=\"https:\/\/laurencerenaud.com\/?page_id=106\" class=\"more-link\">Continuer la lecture<span class=\"screen-reader-text\"> de &laquo;&nbsp;Votre rendez-vous&nbsp;&raquo;<\/span><\/a><\/p>\n","protected":false},"author":1,"featured_media":0,"parent":0,"menu_order":0,"comment_status":"closed","ping_status":"closed","template":"","meta":{"footnotes":""},"class_list":["post-106","page","type-page","status-publish","hentry"],"_links":{"self":[{"href":"https:\/\/laurencerenaud.com\/index.php?rest_route=\/wp\/v2\/pages\/106","targetHints":{"allow":["GET"]}}],"collection":[{"href":"https:\/\/laurencerenaud.com\/index.php?rest_route=\/wp\/v2\/pages"}],"about":[{"href":"https:\/\/laurencerenaud.com\/index.php?rest_route=\/wp\/v2\/types\/page"}],"author":[{"embeddable":true,"href":"https:\/\/laurencerenaud.com\/index.php?rest_route=\/wp\/v2\/users\/1"}],"replies":[{"embeddable":true,"href":"https:\/\/laurencerenaud.com\/index.php?rest_route=%2Fwp%2Fv2%2Fcomments&post=106"}],"version-history":[{"count":117,"href":"https:\/\/laurencerenaud.com\/index.php?rest_route=\/wp\/v2\/pages\/106\/revisions"}],"predecessor-version":[{"id":950,"href":"https:\/\/laurencerenaud.com\/index.php?rest_route=\/wp\/v2\/pages\/106\/revisions\/950"}],"wp:attachment":[{"href":"https:\/\/laurencerenaud.com\/index.php?rest_route=%2Fwp%2Fv2%2Fmedia&parent=106"}],"curies":[{"name":"wp","href":"https:\/\/api.w.org\/{rel}","templated":true}]}}